{"id":7,"date":"2016-06-29T07:42:10","date_gmt":"2016-06-29T07:42:10","guid":{"rendered":"http:\/\/www.cuadrabus.com\/?page_id=7"},"modified":"2024-12-11T10:57:06","modified_gmt":"2024-12-11T09:57:06","slug":"autobuses-para-bodas","status":"publish","type":"page","link":"https:\/\/www.cuadrabus.com\/fr\/autobuses-para-bodas\/","title":{"rendered":"(Espa\u00f1ol) Autobuses para bodas"},"content":{"rendered":"<p class=\"qtranxs-available-languages-message qtranxs-available-languages-message-fr\">D\u00e9sol\u00e9, cet article est seulement disponible en <a href=\"https:\/\/www.cuadrabus.com\/es\/wp-json\/wp\/v2\/pages\/7\" class=\"qtranxs-available-language-link qtranxs-available-language-link-es\" title=\"Espa\u00f1ol\">Espa\u00f1ol<\/a>, <a href=\"https:\/\/www.cuadrabus.com\/en\/wp-json\/wp\/v2\/pages\/7\" class=\"qtranxs-available-language-link qtranxs-available-language-link-en\" title=\"English\">English<\/a> et <a href=\"https:\/\/www.cuadrabus.com\/eu\/wp-json\/wp\/v2\/pages\/7\" class=\"qtranxs-available-language-link qtranxs-available-language-link-eu\" title=\"Basque\">Basque<\/a>.<\/p>","protected":false},"excerpt":{"rendered":"<p>D\u00e9sol\u00e9, cet article est seulement disponible en Espa\u00f1ol, English et Basque.<\/p>\n","protected":false},"author":1,"featured_media":8,"parent":0,"menu_order":0,"comment_status":"closed","ping_status":"closed","template":"","meta":{"footnotes":""},"class_list":["post-7","page","type-page","status-publish","has-post-thumbnail","hentry"],"_links":{"self":[{"href":"https:\/\/www.cuadrabus.com\/fr\/wp-json\/wp\/v2\/pages\/7","targetHints":{"allow":["GET"]}}],"collection":[{"href":"https:\/\/www.cuadrabus.com\/fr\/wp-json\/wp\/v2\/pages"}],"about":[{"href":"https:\/\/www.cuadrabus.com\/fr\/wp-json\/wp\/v2\/types\/page"}],"author":[{"embeddable":true,"href":"https:\/\/www.cuadrabus.com\/fr\/wp-json\/wp\/v2\/users\/1"}],"replies":[{"embeddable":true,"href":"https:\/\/www.cuadrabus.com\/fr\/wp-json\/wp\/v2\/comments?post=7"}],"version-history":[{"count":5,"href":"https:\/\/www.cuadrabus.com\/fr\/wp-json\/wp\/v2\/pages\/7\/revisions"}],"predecessor-version":[{"id":1172,"href":"https:\/\/www.cuadrabus.com\/fr\/wp-json\/wp\/v2\/pages\/7\/revisions\/1172"}],"wp:featuredmedia":[{"embeddable":true,"href":"https:\/\/www.cuadrabus.com\/fr\/wp-json\/wp\/v2\/media\/8"}],"wp:attachment":[{"href":"https:\/\/www.cuadrabus.com\/fr\/wp-json\/wp\/v2\/media?parent=7"}],"curies":[{"name":"wp","href":"https:\/\/api.w.org\/{rel}","templated":true}]}}