{"id":66,"date":"2016-06-29T08:19:12","date_gmt":"2016-06-29T08:19:12","guid":{"rendered":"http:\/\/www.cuadrabus.com\/?page_id=66"},"modified":"2016-08-15T10:51:02","modified_gmt":"2016-08-15T10:51:02","slug":"mapa-del-sitio","status":"publish","type":"page","link":"https:\/\/www.cuadrabus.com\/fr\/mapa-del-sitio\/","title":{"rendered":"(Espa\u00f1ol) Mapa del sitio"},"content":{"rendered":"<p class=\"qtranxs-available-languages-message qtranxs-available-languages-message-fr\">D\u00e9sol\u00e9, cet article est seulement disponible en <a href=\"https:\/\/www.cuadrabus.com\/es\/wp-json\/wp\/v2\/pages\/66\" class=\"qtranxs-available-language-link qtranxs-available-language-link-es\" title=\"Espa\u00f1ol\">Espa\u00f1ol<\/a>, <a href=\"https:\/\/www.cuadrabus.com\/en\/wp-json\/wp\/v2\/pages\/66\" class=\"qtranxs-available-language-link qtranxs-available-language-link-en\" title=\"English\">English<\/a> et <a href=\"https:\/\/www.cuadrabus.com\/eu\/wp-json\/wp\/v2\/pages\/66\" class=\"qtranxs-available-language-link qtranxs-available-language-link-eu\" title=\"Basque\">Basque<\/a>.<\/p>","protected":false},"excerpt":{"rendered":"<p>D\u00e9sol\u00e9, cet article est seulement disponible en Espa\u00f1ol, English et Basque.<\/p>\n","protected":false},"author":1,"featured_media":0,"parent":0,"menu_order":0,"comment_status":"closed","ping_status":"closed","template":"","meta":{"footnotes":""},"class_list":["post-66","page","type-page","status-publish","hentry"],"_links":{"self":[{"href":"https:\/\/www.cuadrabus.com\/fr\/wp-json\/wp\/v2\/pages\/66","targetHints":{"allow":["GET"]}}],"collection":[{"href":"https:\/\/www.cuadrabus.com\/fr\/wp-json\/wp\/v2\/pages"}],"about":[{"href":"https:\/\/www.cuadrabus.com\/fr\/wp-json\/wp\/v2\/types\/page"}],"author":[{"embeddable":true,"href":"https:\/\/www.cuadrabus.com\/fr\/wp-json\/wp\/v2\/users\/1"}],"replies":[{"embeddable":true,"href":"https:\/\/www.cuadrabus.com\/fr\/wp-json\/wp\/v2\/comments?post=66"}],"version-history":[{"count":8,"href":"https:\/\/www.cuadrabus.com\/fr\/wp-json\/wp\/v2\/pages\/66\/revisions"}],"predecessor-version":[{"id":541,"href":"https:\/\/www.cuadrabus.com\/fr\/wp-json\/wp\/v2\/pages\/66\/revisions\/541"}],"wp:attachment":[{"href":"https:\/\/www.cuadrabus.com\/fr\/wp-json\/wp\/v2\/media?parent=66"}],"curies":[{"name":"wp","href":"https:\/\/api.w.org\/{rel}","templated":true}]}}