{"id":52,"date":"2016-06-29T08:10:26","date_gmt":"2016-06-29T08:10:26","guid":{"rendered":"http:\/\/www.cuadrabus.com\/?page_id=52"},"modified":"2016-11-29T20:14:26","modified_gmt":"2016-11-29T19:14:26","slug":"alquiler-autobus-bizkaia","status":"publish","type":"page","link":"https:\/\/www.cuadrabus.com\/fr\/alquiler-autobus-bizkaia\/","title":{"rendered":"(Espa\u00f1ol) Alquiler autob\u00fas Bizkaia"},"content":{"rendered":"<h1 class=\"page-title\">Alquiler de autobuses en Bizkaia<br \/> <span>M\u00e1s de 40 a\u00f1os de experiencia<\/span><\/h1>\n<p><strong>En Autobuses CuadraBus trabajamos desde hace m\u00e1s de 40 a\u00f1os en el sector del transporte colectivo de personas.<\/strong><\/p>\n<div style=\"display:block;clear:both;margin-bottom:20px\"><\/div>\n<p><a href=\"tel:+34902210215\" class=\"icon icon-phone page-icon\" target=\"_blank\"><\/a><\/p>\n<p>Contacta con la sede central de <strong>CuadraBus<\/strong>,<br \/> te atenderemos en el t\u00e9lefono:<\/p>\n<h1><a href=\"tel:+34902210215\" target=\"_blank\">902 210 215<\/a><\/h1>\n<div style=\"display:block;clear:both;margin-bottom:40px\"><\/div>\n<p><a class=\"icon icon-email page-icon\" href=\"mailto:info@cuadrabus.com\" target=\"_blank\"><\/a><\/p>\n<p>Escr\u00edbenos un e-mail:<\/p>\n<h4><a href=\"mailto:info@cuadrabus.com\" target=\"_blank\">info@cuadrabus.com<\/a><\/h4>\n<div style=\"display:block;clear:both;margin-bottom:40px\"><\/div>\n<div class=\"icon icon-location page-icon\"><\/div>\n<p>O si lo prefieres vis\u00edtanos en nuestras oficinas <\/p>\n<h4><span>TERMIBUS c\/ Gurtubay, 1 <br \/>48013 en Bilbao, Bizkaia<\/span><\/h4>\n","protected":false},"excerpt":{"rendered":"<p>Alquiler de autobuses en Bizkaia M\u00e1s de 40 a\u00f1os de experiencia En Autobuses CuadraBus trabajamos desde hace m\u00e1s de 40 a\u00f1os en el sector del transporte colectivo de personas. Contacta&#8230;<\/p>\n","protected":false},"author":1,"featured_media":563,"parent":0,"menu_order":0,"comment_status":"closed","ping_status":"closed","template":"","meta":{"footnotes":""},"class_list":["post-52","page","type-page","status-publish","has-post-thumbnail","hentry"],"_links":{"self":[{"href":"https:\/\/www.cuadrabus.com\/fr\/wp-json\/wp\/v2\/pages\/52","targetHints":{"allow":["GET"]}}],"collection":[{"href":"https:\/\/www.cuadrabus.com\/fr\/wp-json\/wp\/v2\/pages"}],"about":[{"href":"https:\/\/www.cuadrabus.com\/fr\/wp-json\/wp\/v2\/types\/page"}],"author":[{"embeddable":true,"href":"https:\/\/www.cuadrabus.com\/fr\/wp-json\/wp\/v2\/users\/1"}],"replies":[{"embeddable":true,"href":"https:\/\/www.cuadrabus.com\/fr\/wp-json\/wp\/v2\/comments?post=52"}],"version-history":[{"count":7,"href":"https:\/\/www.cuadrabus.com\/fr\/wp-json\/wp\/v2\/pages\/52\/revisions"}],"predecessor-version":[{"id":950,"href":"https:\/\/www.cuadrabus.com\/fr\/wp-json\/wp\/v2\/pages\/52\/revisions\/950"}],"wp:featuredmedia":[{"embeddable":true,"href":"https:\/\/www.cuadrabus.com\/fr\/wp-json\/wp\/v2\/media\/563"}],"wp:attachment":[{"href":"https:\/\/www.cuadrabus.com\/fr\/wp-json\/wp\/v2\/media?parent=52"}],"curies":[{"name":"wp","href":"https:\/\/api.w.org\/{rel}","templated":true}]}}