{"id":4,"date":"2016-06-28T11:13:29","date_gmt":"2016-06-28T11:13:29","guid":{"rendered":"http:\/\/www.cuadrabus.com\/?page_id=4"},"modified":"2024-12-23T11:47:24","modified_gmt":"2024-12-23T10:47:24","slug":"cuadrabus","status":"publish","type":"page","link":"https:\/\/www.cuadrabus.com\/fr\/","title":{"rendered":"CuadraBus"},"content":{"rendered":"<p class=\"qtranxs-available-languages-message qtranxs-available-languages-message-fr\">D\u00e9sol\u00e9, cet article est seulement disponible en <a href=\"https:\/\/www.cuadrabus.com\/es\/wp-json\/wp\/v2\/pages\/4\" class=\"qtranxs-available-language-link qtranxs-available-language-link-es\" title=\"Espa\u00f1ol\">Espa\u00f1ol<\/a>, <a href=\"https:\/\/www.cuadrabus.com\/en\/wp-json\/wp\/v2\/pages\/4\" class=\"qtranxs-available-language-link qtranxs-available-language-link-en\" title=\"English\">English<\/a> et <a href=\"https:\/\/www.cuadrabus.com\/eu\/wp-json\/wp\/v2\/pages\/4\" class=\"qtranxs-available-language-link qtranxs-available-language-link-eu\" title=\"Basque\">Basque<\/a>.<\/p>","protected":false},"excerpt":{"rendered":"<p>D\u00e9sol\u00e9, cet article est seulement disponible en Espa\u00f1ol, English et Basque.<\/p>\n","protected":false},"author":1,"featured_media":1164,"parent":0,"menu_order":0,"comment_status":"closed","ping_status":"closed","template":"template-index.php","meta":{"footnotes":""},"class_list":["post-4","page","type-page","status-publish","has-post-thumbnail","hentry"],"_links":{"self":[{"href":"https:\/\/www.cuadrabus.com\/fr\/wp-json\/wp\/v2\/pages\/4","targetHints":{"allow":["GET"]}}],"collection":[{"href":"https:\/\/www.cuadrabus.com\/fr\/wp-json\/wp\/v2\/pages"}],"about":[{"href":"https:\/\/www.cuadrabus.com\/fr\/wp-json\/wp\/v2\/types\/page"}],"author":[{"embeddable":true,"href":"https:\/\/www.cuadrabus.com\/fr\/wp-json\/wp\/v2\/users\/1"}],"replies":[{"embeddable":true,"href":"https:\/\/www.cuadrabus.com\/fr\/wp-json\/wp\/v2\/comments?post=4"}],"version-history":[{"count":35,"href":"https:\/\/www.cuadrabus.com\/fr\/wp-json\/wp\/v2\/pages\/4\/revisions"}],"predecessor-version":[{"id":1214,"href":"https:\/\/www.cuadrabus.com\/fr\/wp-json\/wp\/v2\/pages\/4\/revisions\/1214"}],"wp:featuredmedia":[{"embeddable":true,"href":"https:\/\/www.cuadrabus.com\/fr\/wp-json\/wp\/v2\/media\/1164"}],"wp:attachment":[{"href":"https:\/\/www.cuadrabus.com\/fr\/wp-json\/wp\/v2\/media?parent=4"}],"curies":[{"name":"wp","href":"https:\/\/api.w.org\/{rel}","templated":true}]}}