{"id":7,"date":"2016-06-29T07:42:10","date_gmt":"2016-06-29T07:42:10","guid":{"rendered":"http:\/\/www.cuadrabus.com\/?page_id=7"},"modified":"2024-12-11T10:57:06","modified_gmt":"2024-12-11T09:57:06","slug":"autobuses-para-bodas","status":"publish","type":"page","link":"https:\/\/www.cuadrabus.com\/eu\/autobuses-para-bodas\/","title":{"rendered":"Autobusak ezkontzetarako"},"content":{"rendered":"<h1 class=\"page-title\">Autob\u00fas para boda<br \/>\nNos encargamos de tu d\u00eda<\/h1>\n<p><strong>Cu\u00e9ntanos como quieres que sea el d\u00eda de tu boda y lo haremos posible. Nuestro servicio de alquiler de veh\u00edculos con conductor se personaliza ajust\u00e1ndose totalmente a vuestras ideas e ilusiones.<\/strong><\/p>\n<div style=\"display:block;clear:both;margin-bottom:45px\"><\/div>\n<p><img decoding=\"async\" class=\"aligncenter size-full wp-image-149\" src=\"http:\/\/www.cuadrabus.com\/wp-content\/uploads\/2016\/06\/time.png\" alt=\"time\" width=\"48\" srcset=\"https:\/\/www.cuadrabus.com\/wp-content\/uploads\/2016\/06\/time.png 98w, https:\/\/www.cuadrabus.com\/wp-content\/uploads\/2016\/06\/time-50x50.png 50w\" sizes=\"(max-width: 98px) 100vw, 98px\" \/><br \/>\n<strong style=\"color: #3274ba;\">Total flexibilidad horaria<\/strong><\/p>\n<p>Ninguna boda es igual, cada una tiene su ritmo, sus pausas y sus momentos. Por eso, nos adaptamos totalmente al d\u00eda (y la noche) que hab\u00e9is preparado con tanto cari\u00f1o y dedicaci\u00f3n. No tenemos horarios de vuelta cerrados, sino que asesoramos a cada pareja en base a la celebraci\u00f3n planteada y los planificamos conjuntamente.<\/p>\n<div style=\"display:block;clear:both;margin-bottom:45px\"><\/div>\n<p><img decoding=\"async\" class=\"aligncenter size-full wp-image-138\" src=\"http:\/\/www.cuadrabus.com\/wp-content\/uploads\/2016\/06\/bus.png\" alt=\"bus\" width=\"55\" \/><br \/>\n<strong style=\"color: #3274ba;\">La importancia de los grandes detalles<\/strong><\/p>\n<p>Ponemos a vuestra disposici\u00f3n s\u00f3lo nuestros <strong>veh\u00edculos m\u00e1s nuevos y modernos<\/strong> (antig\u00fcedad media de s\u00f3lo 5 a\u00f1os), con una capacidad desde siete hasta sesenta plazas.<\/p>\n<p>Cubrimos trayectos tanto nacionales como internacionales. Nuestros veh\u00edculos est\u00e1n totalmente adaptados para el <strong>traslado de personas con movilidad reducida<\/strong>. Adem\u00e1s, se pueden ampliar el n\u00famero de sillas de ruedas en el veh\u00edculo si fuera preciso.<\/p>\n<p>Contamos con un <strong>servicio extra de dise\u00f1o e impresi\u00f3n de carteler\u00eda<\/strong> para la creaci\u00f3n de puntos de encuentro identificativos, as\u00ed como para <strong>decorar<\/strong> los veh\u00edculos acorde a vuestro estilo.<\/p>\n<p>En caso de ser una boda grande, os recomendamos la contrataci\u00f3n de personas auxiliares de la empresa que os ayudar\u00e1n a coordinar a todas las personas invitadas para que todo salga perfecto.<\/p>\n<div style=\"display:block;clear:both;margin-bottom:45px\"><\/div>\n<p><img decoding=\"async\" class=\"aligncenter size-full wp-image-197\" src=\"http:\/\/www.cuadrabus.com\/wp-content\/uploads\/2016\/06\/people.png\" alt=\"people\" width=\"55\" \/><br \/>\n<strong style=\"color: #3274ba;\">Especialistas en movilidad de grandes grupos<\/strong><\/p>\n<p>Desde principios de 2000 gestionamos el <strong>servicio para la movilidad de grandes grupos de personas<\/strong> para d\u00edas se\u00f1alados o acontecimientos espec\u00edficos.<\/p>\n<p>No importa si es una boda \u00edntima o grande, en CuadraBus coordinamos los diferentes veh\u00edculos entorno al evento y actividades, para que nadie se pierda ning\u00fan momento.<\/p>\n<div style=\"display:block;clear:both;margin-bottom:45px\"><\/div>\n<p><a class=\"btn\" href=\"\/presupuestos\/\">Solicitar presupuesto<\/a>","protected":false},"excerpt":{"rendered":"<p>Autob\u00fas para boda Nos encargamos de tu d\u00eda Cu\u00e9ntanos como quieres que sea el d\u00eda de tu boda y lo haremos posible. Nuestro servicio de alquiler de veh\u00edculos con conductor&#8230;<\/p>\n","protected":false},"author":1,"featured_media":8,"parent":0,"menu_order":0,"comment_status":"closed","ping_status":"closed","template":"","meta":{"footnotes":""},"class_list":["post-7","page","type-page","status-publish","has-post-thumbnail","hentry"],"_links":{"self":[{"href":"https:\/\/www.cuadrabus.com\/eu\/wp-json\/wp\/v2\/pages\/7","targetHints":{"allow":["GET"]}}],"collection":[{"href":"https:\/\/www.cuadrabus.com\/eu\/wp-json\/wp\/v2\/pages"}],"about":[{"href":"https:\/\/www.cuadrabus.com\/eu\/wp-json\/wp\/v2\/types\/page"}],"author":[{"embeddable":true,"href":"https:\/\/www.cuadrabus.com\/eu\/wp-json\/wp\/v2\/users\/1"}],"replies":[{"embeddable":true,"href":"https:\/\/www.cuadrabus.com\/eu\/wp-json\/wp\/v2\/comments?post=7"}],"version-history":[{"count":5,"href":"https:\/\/www.cuadrabus.com\/eu\/wp-json\/wp\/v2\/pages\/7\/revisions"}],"predecessor-version":[{"id":1172,"href":"https:\/\/www.cuadrabus.com\/eu\/wp-json\/wp\/v2\/pages\/7\/revisions\/1172"}],"wp:featuredmedia":[{"embeddable":true,"href":"https:\/\/www.cuadrabus.com\/eu\/wp-json\/wp\/v2\/media\/8"}],"wp:attachment":[{"href":"https:\/\/www.cuadrabus.com\/eu\/wp-json\/wp\/v2\/media?parent=7"}],"curies":[{"name":"wp","href":"https:\/\/api.w.org\/{rel}","templated":true}]}}