{"id":850,"date":"2017-01-20T06:43:03","date_gmt":"2017-01-20T05:43:03","guid":{"rendered":"http:\/\/www.cuadrabus.com\/?page_id=850"},"modified":"2017-05-12T11:13:22","modified_gmt":"2017-05-12T09:13:22","slug":"cuadrabus-en-los-medios","status":"publish","type":"page","link":"http:\/\/www.cuadrabus.com\/fr\/cuadrabus-en-los-medios\/","title":{"rendered":"(Espa\u00f1ol) CuadraBus en los Medios"},"content":{"rendered":"<p class=\"qtranxs-available-languages-message qtranxs-available-languages-message-fr\">D\u00e9sol\u00e9, cet article est seulement disponible en <a href=\"http:\/\/www.cuadrabus.com\/es\/wp-json\/wp\/v2\/pages\/850\" class=\"qtranxs-available-language-link qtranxs-available-language-link-es\" title=\"Espa\u00f1ol\">Espa\u00f1ol<\/a>, <a href=\"http:\/\/www.cuadrabus.com\/en\/wp-json\/wp\/v2\/pages\/850\" class=\"qtranxs-available-language-link qtranxs-available-language-link-en\" title=\"English\">English<\/a> et <a href=\"http:\/\/www.cuadrabus.com\/eu\/wp-json\/wp\/v2\/pages\/850\" class=\"qtranxs-available-language-link qtranxs-available-language-link-eu\" title=\"Basque\">Basque<\/a>.<\/p>","protected":false},"excerpt":{"rendered":"<p>D\u00e9sol\u00e9, cet article est seulement disponible en Espa\u00f1ol, English et Basque.<\/p>\n","protected":false},"author":1,"featured_media":558,"parent":0,"menu_order":0,"comment_status":"closed","ping_status":"closed","template":"template-inmedia.php","meta":{"footnotes":""},"class_list":["post-850","page","type-page","status-publish","has-post-thumbnail","hentry"],"_links":{"self":[{"href":"http:\/\/www.cuadrabus.com\/fr\/wp-json\/wp\/v2\/pages\/850","targetHints":{"allow":["GET"]}}],"collection":[{"href":"http:\/\/www.cuadrabus.com\/fr\/wp-json\/wp\/v2\/pages"}],"about":[{"href":"http:\/\/www.cuadrabus.com\/fr\/wp-json\/wp\/v2\/types\/page"}],"author":[{"embeddable":true,"href":"http:\/\/www.cuadrabus.com\/fr\/wp-json\/wp\/v2\/users\/1"}],"replies":[{"embeddable":true,"href":"http:\/\/www.cuadrabus.com\/fr\/wp-json\/wp\/v2\/comments?post=850"}],"version-history":[{"count":5,"href":"http:\/\/www.cuadrabus.com\/fr\/wp-json\/wp\/v2\/pages\/850\/revisions"}],"predecessor-version":[{"id":1159,"href":"http:\/\/www.cuadrabus.com\/fr\/wp-json\/wp\/v2\/pages\/850\/revisions\/1159"}],"wp:featuredmedia":[{"embeddable":true,"href":"http:\/\/www.cuadrabus.com\/fr\/wp-json\/wp\/v2\/media\/558"}],"wp:attachment":[{"href":"http:\/\/www.cuadrabus.com\/fr\/wp-json\/wp\/v2\/media?parent=850"}],"curies":[{"name":"wp","href":"https:\/\/api.w.org\/{rel}","templated":true}]}}