{"id":68,"date":"2016-06-29T08:19:28","date_gmt":"2016-06-29T08:19:28","guid":{"rendered":"http:\/\/www.cuadrabus.com\/?page_id=68"},"modified":"2016-11-29T21:29:58","modified_gmt":"2016-11-29T20:29:58","slug":"aviso-legal","status":"publish","type":"page","link":"http:\/\/www.cuadrabus.com\/fr\/aviso-legal\/","title":{"rendered":"(Espa\u00f1ol) Aviso legal"},"content":{"rendered":"<p class=\"qtranxs-available-languages-message qtranxs-available-languages-message-fr\">D\u00e9sol\u00e9, cet article est seulement disponible en <a href=\"http:\/\/www.cuadrabus.com\/es\/wp-json\/wp\/v2\/pages\/68\" class=\"qtranxs-available-language-link qtranxs-available-language-link-es\" title=\"Espa\u00f1ol\">Espa\u00f1ol<\/a>, <a href=\"http:\/\/www.cuadrabus.com\/en\/wp-json\/wp\/v2\/pages\/68\" class=\"qtranxs-available-language-link qtranxs-available-language-link-en\" title=\"English\">English<\/a> et <a href=\"http:\/\/www.cuadrabus.com\/eu\/wp-json\/wp\/v2\/pages\/68\" class=\"qtranxs-available-language-link qtranxs-available-language-link-eu\" title=\"Basque\">Basque<\/a>.<\/p>","protected":false},"excerpt":{"rendered":"<p>D\u00e9sol\u00e9, cet article est seulement disponible en Espa\u00f1ol, English et Basque.<\/p>\n","protected":false},"author":1,"featured_media":0,"parent":0,"menu_order":0,"comment_status":"closed","ping_status":"closed","template":"","meta":{"footnotes":""},"class_list":["post-68","page","type-page","status-publish","hentry"],"_links":{"self":[{"href":"http:\/\/www.cuadrabus.com\/fr\/wp-json\/wp\/v2\/pages\/68","targetHints":{"allow":["GET"]}}],"collection":[{"href":"http:\/\/www.cuadrabus.com\/fr\/wp-json\/wp\/v2\/pages"}],"about":[{"href":"http:\/\/www.cuadrabus.com\/fr\/wp-json\/wp\/v2\/types\/page"}],"author":[{"embeddable":true,"href":"http:\/\/www.cuadrabus.com\/fr\/wp-json\/wp\/v2\/users\/1"}],"replies":[{"embeddable":true,"href":"http:\/\/www.cuadrabus.com\/fr\/wp-json\/wp\/v2\/comments?post=68"}],"version-history":[{"count":6,"href":"http:\/\/www.cuadrabus.com\/fr\/wp-json\/wp\/v2\/pages\/68\/revisions"}],"predecessor-version":[{"id":530,"href":"http:\/\/www.cuadrabus.com\/fr\/wp-json\/wp\/v2\/pages\/68\/revisions\/530"}],"wp:attachment":[{"href":"http:\/\/www.cuadrabus.com\/fr\/wp-json\/wp\/v2\/media?parent=68"}],"curies":[{"name":"wp","href":"https:\/\/api.w.org\/{rel}","templated":true}]}}