{"id":58,"date":"2016-06-29T08:12:27","date_gmt":"2016-06-29T08:12:27","guid":{"rendered":"http:\/\/www.cuadrabus.com\/?page_id=58"},"modified":"2022-02-09T12:26:25","modified_gmt":"2022-02-09T11:26:25","slug":"noticias","status":"publish","type":"page","link":"http:\/\/www.cuadrabus.com\/fr\/noticias\/","title":{"rendered":"(Espa\u00f1ol) Noticias"},"content":{"rendered":"<p class=\"qtranxs-available-languages-message qtranxs-available-languages-message-fr\">D\u00e9sol\u00e9, cet article est seulement disponible en <a href=\"http:\/\/www.cuadrabus.com\/es\/wp-json\/wp\/v2\/pages\/58\" class=\"qtranxs-available-language-link qtranxs-available-language-link-es\" title=\"Espa\u00f1ol\">Espa\u00f1ol<\/a>, <a href=\"http:\/\/www.cuadrabus.com\/en\/wp-json\/wp\/v2\/pages\/58\" class=\"qtranxs-available-language-link qtranxs-available-language-link-en\" title=\"English\">English<\/a> et <a href=\"http:\/\/www.cuadrabus.com\/eu\/wp-json\/wp\/v2\/pages\/58\" class=\"qtranxs-available-language-link qtranxs-available-language-link-eu\" title=\"Basque\">Basque<\/a>.<\/p>","protected":false},"excerpt":{"rendered":"<p>D\u00e9sol\u00e9, cet article est seulement disponible en Espa\u00f1ol, English et Basque.<\/p>\n","protected":false},"author":1,"featured_media":558,"parent":0,"menu_order":0,"comment_status":"closed","ping_status":"closed","template":"template-news.php","meta":{"footnotes":""},"class_list":["post-58","page","type-page","status-publish","has-post-thumbnail","hentry"],"_links":{"self":[{"href":"http:\/\/www.cuadrabus.com\/fr\/wp-json\/wp\/v2\/pages\/58","targetHints":{"allow":["GET"]}}],"collection":[{"href":"http:\/\/www.cuadrabus.com\/fr\/wp-json\/wp\/v2\/pages"}],"about":[{"href":"http:\/\/www.cuadrabus.com\/fr\/wp-json\/wp\/v2\/types\/page"}],"author":[{"embeddable":true,"href":"http:\/\/www.cuadrabus.com\/fr\/wp-json\/wp\/v2\/users\/1"}],"replies":[{"embeddable":true,"href":"http:\/\/www.cuadrabus.com\/fr\/wp-json\/wp\/v2\/comments?post=58"}],"version-history":[{"count":7,"href":"http:\/\/www.cuadrabus.com\/fr\/wp-json\/wp\/v2\/pages\/58\/revisions"}],"predecessor-version":[{"id":1074,"href":"http:\/\/www.cuadrabus.com\/fr\/wp-json\/wp\/v2\/pages\/58\/revisions\/1074"}],"wp:featuredmedia":[{"embeddable":true,"href":"http:\/\/www.cuadrabus.com\/fr\/wp-json\/wp\/v2\/media\/558"}],"wp:attachment":[{"href":"http:\/\/www.cuadrabus.com\/fr\/wp-json\/wp\/v2\/media?parent=58"}],"curies":[{"name":"wp","href":"https:\/\/api.w.org\/{rel}","templated":true}]}}