{"id":61,"date":"2016-06-29T08:13:11","date_gmt":"2016-06-29T08:13:11","guid":{"rendered":"http:\/\/www.cuadrabus.com\/?page_id=61"},"modified":"2017-03-02T11:58:50","modified_gmt":"2017-03-02T10:58:50","slug":"contacto","status":"publish","type":"page","link":"http:\/\/www.cuadrabus.com\/eu\/contacto\/","title":{"rendered":"Kontaktua"},"content":{"rendered":"<h1 class=\"page-title\">Contacto<br \/> <span>Cu\u00e9ntanos<\/span><\/h1>\n<p>Contacta con la sede central de <strong>CuadraBus<\/strong>,<br \/> te atenderemos en el t\u00e9lefono: <\/p>\n<div style=\"display:block;clear:both;margin-bottom:20px\"><\/div>\n<p><a href=\"tel:+34902210215\" class=\"icon icon-phone page-icon\" target=\"_blank\"><\/a><\/p>\n<h1><a href=\"tel:+34902210215\" target=\"_blank\">902 210 215<\/a><\/h1>\n<div style=\"display:block;clear:both;margin-bottom:40px\"><\/div>\n<p><a class=\"icon icon-email page-icon\" href=\"mailto:info@cuadrabus.com\" target=\"_blank\"><\/a><\/p>\n<p>Escr\u00edbenos un e-mail:<\/p>\n<h4><a href=\"mailto:info@cuadrabus.com\" target=\"_blank\">info@cuadrabus.com<\/a><\/h4>\n<div style=\"display:block;clear:both;margin-bottom:40px\"><\/div>\n<div class=\"icon icon-location page-icon\"><\/div>\n<p>O si lo prefieres vis\u00edtanos en nuestras oficinas <\/p>\n<p><strong>SEDE PRINCIPAL:<\/strong><\/p>\n<h4><span>Pol\u00edgono Zankueta s\/n <br \/>01468 en Amurrio, \u00c1lava<\/span><\/h4>\n<p><strong>OFICINA BIZKAIA:<\/strong><\/p>\n<h4><span>TERMIBUS c\/ Gurtubay, 1<br \/> 48013 en Bilbao, Bizkaia<\/span><\/h4>","protected":false},"excerpt":{"rendered":"<p>Contacto Cu\u00e9ntanos Contacta con la sede central de CuadraBus, te atenderemos en el t\u00e9lefono: 902 210 215 Escr\u00edbenos un e-mail: info@cuadrabus.com O si lo prefieres vis\u00edtanos en nuestras oficinas SEDE&#8230;<\/p>\n","protected":false},"author":1,"featured_media":565,"parent":0,"menu_order":0,"comment_status":"closed","ping_status":"closed","template":"","meta":{"footnotes":""},"class_list":["post-61","page","type-page","status-publish","has-post-thumbnail","hentry"],"_links":{"self":[{"href":"http:\/\/www.cuadrabus.com\/eu\/wp-json\/wp\/v2\/pages\/61","targetHints":{"allow":["GET"]}}],"collection":[{"href":"http:\/\/www.cuadrabus.com\/eu\/wp-json\/wp\/v2\/pages"}],"about":[{"href":"http:\/\/www.cuadrabus.com\/eu\/wp-json\/wp\/v2\/types\/page"}],"author":[{"embeddable":true,"href":"http:\/\/www.cuadrabus.com\/eu\/wp-json\/wp\/v2\/users\/1"}],"replies":[{"embeddable":true,"href":"http:\/\/www.cuadrabus.com\/eu\/wp-json\/wp\/v2\/comments?post=61"}],"version-history":[{"count":8,"href":"http:\/\/www.cuadrabus.com\/eu\/wp-json\/wp\/v2\/pages\/61\/revisions"}],"predecessor-version":[{"id":900,"href":"http:\/\/www.cuadrabus.com\/eu\/wp-json\/wp\/v2\/pages\/61\/revisions\/900"}],"wp:featuredmedia":[{"embeddable":true,"href":"http:\/\/www.cuadrabus.com\/eu\/wp-json\/wp\/v2\/media\/565"}],"wp:attachment":[{"href":"http:\/\/www.cuadrabus.com\/eu\/wp-json\/wp\/v2\/media?parent=61"}],"curies":[{"name":"wp","href":"https:\/\/api.w.org\/{rel}","templated":true}]}}