{"id":55,"date":"2016-06-29T08:11:23","date_gmt":"2016-06-29T08:11:23","guid":{"rendered":"http:\/\/www.cuadrabus.com\/?page_id=55"},"modified":"2017-02-14T12:00:28","modified_gmt":"2017-02-14T11:00:28","slug":"boletin-bidean","status":"publish","type":"page","link":"http:\/\/www.cuadrabus.com\/eu\/boletin-bidean\/","title":{"rendered":"Boletin Bidean"},"content":{"rendered":"<h1 class=\"page-title\">Boletines Bidean<br \/> <span>Informaci\u00f3n corporativa<\/span><\/h1>\n<p><strong>Semestralmente publicamos noticias corporativas de inter\u00e9s, un canal m\u00e1s para estar en contacto contigo.<\/strong><\/p>\n<div style=\"display:block;clear:both;margin-bottom:45px\"><\/div>\n<p>Aqu\u00ed puedes ver o descargar los boletines: <\/p>\n<div style=\"display:block;clear:both;margin-bottom:45px\"><\/div>\n<p><a class=\"regular\" href=\"http:\/\/www.cuadrabus.com\/wp-content\/uploads\/2016\/06\/Cuadrabus_boletin_diciembre2012.pdf\" target=\"_blank\">Cuadrabus bolet\u00edn Bidean diciembre 2012<\/a><br \/>\n647 Kb<\/p>\n<hr style=\"width:230px\" \/>\n<p><a class=\"regular\" href=\"http:\/\/www.cuadrabus.com\/wp-content\/uploads\/2016\/06\/Cuadrabus_boletin_marzo012.pdf\" target=\"_blank\">Cuadrabus bolet\u00edn Bidean marzo 2012<\/a><br \/>\n374 Kb<\/p>\n<hr style=\"width:230px\" \/>\n<p><a class=\"regular\" href=\"http:\/\/www.cuadrabus.com\/wp-content\/uploads\/2016\/06\/Cuadrabus_boletin_diciembre011.pdf\" target=\"_blank\">Cuadrabus bolet\u00edn Bidean diciembre 2011<\/a><br \/>\n400 Kb<\/p>\n<hr style=\"width:230px\" \/>\n<p><a class=\"regular\" href=\"http:\/\/www.cuadrabus.com\/wp-content\/uploads\/2016\/06\/Cuadrabus_boletin_febrero011.pdf\" target=\"_blank\">Cuadrabus bolet\u00edn Bidean febrero 2011<\/a><br \/>\n478 Kb","protected":false},"excerpt":{"rendered":"<p>Boletines Bidean Informaci\u00f3n corporativa Semestralmente publicamos noticias corporativas de inter\u00e9s, un canal m\u00e1s para estar en contacto contigo. Aqu\u00ed puedes ver o descargar los boletines: Cuadrabus bolet\u00edn Bidean diciembre 2012&#8230;<\/p>\n","protected":false},"author":1,"featured_media":560,"parent":0,"menu_order":0,"comment_status":"closed","ping_status":"closed","template":"","meta":{"footnotes":""},"class_list":["post-55","page","type-page","status-publish","has-post-thumbnail","hentry"],"_links":{"self":[{"href":"http:\/\/www.cuadrabus.com\/eu\/wp-json\/wp\/v2\/pages\/55","targetHints":{"allow":["GET"]}}],"collection":[{"href":"http:\/\/www.cuadrabus.com\/eu\/wp-json\/wp\/v2\/pages"}],"about":[{"href":"http:\/\/www.cuadrabus.com\/eu\/wp-json\/wp\/v2\/types\/page"}],"author":[{"embeddable":true,"href":"http:\/\/www.cuadrabus.com\/eu\/wp-json\/wp\/v2\/users\/1"}],"replies":[{"embeddable":true,"href":"http:\/\/www.cuadrabus.com\/eu\/wp-json\/wp\/v2\/comments?post=55"}],"version-history":[{"count":15,"href":"http:\/\/www.cuadrabus.com\/eu\/wp-json\/wp\/v2\/pages\/55\/revisions"}],"predecessor-version":[{"id":894,"href":"http:\/\/www.cuadrabus.com\/eu\/wp-json\/wp\/v2\/pages\/55\/revisions\/894"}],"wp:featuredmedia":[{"embeddable":true,"href":"http:\/\/www.cuadrabus.com\/eu\/wp-json\/wp\/v2\/media\/560"}],"wp:attachment":[{"href":"http:\/\/www.cuadrabus.com\/eu\/wp-json\/wp\/v2\/media?parent=55"}],"curies":[{"name":"wp","href":"https:\/\/api.w.org\/{rel}","templated":true}]}}