{"id":46,"date":"2016-06-29T07:56:37","date_gmt":"2016-06-29T07:56:37","guid":{"rendered":"http:\/\/www.cuadrabus.com\/?page_id=46"},"modified":"2016-11-29T21:36:58","modified_gmt":"2016-11-29T20:36:58","slug":"escolares","status":"publish","type":"page","link":"http:\/\/www.cuadrabus.com\/eu\/escolares\/","title":{"rendered":"Eskola-garraioa"},"content":{"rendered":"<h1 class=\"page-title\">Autobuses escolares<br \/> <span>La seguridad es lo primero<\/span><\/h1>\n<p><img decoding=\"async\" src=\"http:\/\/www.cuadrabus.com\/wp-content\/uploads\/2016\/06\/terminal.png\" alt=\"terminal\" width=\"50\" class=\"aligncenter\" \/><\/p>\n<p><strong>Acorde a la filosof\u00eda<br \/>\ndel centro<\/strong><\/p>\n<p>La jornada escolar comienza al subirse al autob\u00fas y finaliza al bajarse del mismo. Entendemos el autob\u00fas como una extensi\u00f3n del espacio educativo de cada centro. Compartimos los criterios educativos de cada centro para el que trabajamos haciendo nuestros sus compromisos educativos, ling\u00fc\u00edsticos\u2026<\/p>\n<p>Adem\u00e1s, organizamos en los centros escolares cursos de educaci\u00f3n vial y de evacuaci\u00f3n, con una parte te\u00f3rica, pero eminentemente pr\u00e1ctica a bordo de los autobuses.<\/p>\n<div style=\"display:block;clear:both;margin-bottom:45px\"><\/div>\n<p><img decoding=\"async\" src=\"http:\/\/www.cuadrabus.com\/wp-content\/uploads\/2016\/06\/seatbelt.png\" alt=\"seatbelt\" width=\"71\" class=\"aligncenter\" \/><\/p>\n<p><strong>Educaci\u00f3n en<br \/>\nseguridad vial<\/strong><\/p>\n<p>No nos conformamos con la implantaci\u00f3n del cintur\u00f3n. Para asegurar la tranquilidad de padres y madres y ofrecer el mejor servicio es clave concienciar a escolares en materia de seguridad vial. Por eso, nuestro servicio de transporte educa e incide en el uso del cintur\u00f3n de seguridad.<\/p>\n<div style=\"display:block;clear:both;margin-bottom:45px\"><\/div>\n<p><img decoding=\"async\" src=\"http:\/\/www.cuadrabus.com\/wp-content\/uploads\/2016\/06\/bus.png\" alt=\"bus\" width=\"54\" class=\"aligncenter\" \/><\/p>\n<p><strong>Gran flota de autobuses<br \/>\ny experiencia<\/strong><\/p>\n<p>Prestamos servicio en Bizkaia, en el entorno del Gran Bilbao, en Bergara, desde donde damos servicio a todo el Alto Deba, y en \u00c1lava, principalmente, en Vitoria-Gasteiz y en Aiala. Destacando en seguridad y puntualidad. Instituciones como Gobierno Vasco conf\u00edan en nuestra gesti\u00f3n desde que asumieron las competencias en materia educativa, siendo nuestra empresa la adjudicataria de los servicios diarios a distintos centros escolares de la red p\u00fablica.<\/p>\n<div style=\"display:block;clear:both;margin-bottom:45px\"><\/div>\n<p><a class=\"btn\" href=\"\/presupuestos\/\">Solicitar presupuesto<\/a>","protected":false},"excerpt":{"rendered":"<p>Autobuses escolares La seguridad es lo primero Acorde a la filosof\u00eda del centro La jornada escolar comienza al subirse al autob\u00fas y finaliza al bajarse del mismo. Entendemos el autob\u00fas&#8230;<\/p>\n","protected":false},"author":1,"featured_media":452,"parent":0,"menu_order":0,"comment_status":"closed","ping_status":"closed","template":"","meta":{"footnotes":""},"class_list":["post-46","page","type-page","status-publish","has-post-thumbnail","hentry"],"_links":{"self":[{"href":"http:\/\/www.cuadrabus.com\/eu\/wp-json\/wp\/v2\/pages\/46","targetHints":{"allow":["GET"]}}],"collection":[{"href":"http:\/\/www.cuadrabus.com\/eu\/wp-json\/wp\/v2\/pages"}],"about":[{"href":"http:\/\/www.cuadrabus.com\/eu\/wp-json\/wp\/v2\/types\/page"}],"author":[{"embeddable":true,"href":"http:\/\/www.cuadrabus.com\/eu\/wp-json\/wp\/v2\/users\/1"}],"replies":[{"embeddable":true,"href":"http:\/\/www.cuadrabus.com\/eu\/wp-json\/wp\/v2\/comments?post=46"}],"version-history":[{"count":11,"href":"http:\/\/www.cuadrabus.com\/eu\/wp-json\/wp\/v2\/pages\/46\/revisions"}],"predecessor-version":[{"id":512,"href":"http:\/\/www.cuadrabus.com\/eu\/wp-json\/wp\/v2\/pages\/46\/revisions\/512"}],"wp:featuredmedia":[{"embeddable":true,"href":"http:\/\/www.cuadrabus.com\/eu\/wp-json\/wp\/v2\/media\/452"}],"wp:attachment":[{"href":"http:\/\/www.cuadrabus.com\/eu\/wp-json\/wp\/v2\/media?parent=46"}],"curies":[{"name":"wp","href":"https:\/\/api.w.org\/{rel}","templated":true}]}}