{"id":43,"date":"2016-06-29T07:54:57","date_gmt":"2016-06-29T07:54:57","guid":{"rendered":"http:\/\/www.cuadrabus.com\/?page_id=43"},"modified":"2016-11-29T21:34:40","modified_gmt":"2016-11-29T20:34:40","slug":"empresas","status":"publish","type":"page","link":"http:\/\/www.cuadrabus.com\/eu\/empresas\/","title":{"rendered":"Autobusak enpresetarako"},"content":{"rendered":"<h1 class=\"page-title\">Autobuses para empresas<br \/> <span>Un gran valor a\u00f1adido<\/span><\/h1>\n<p><img decoding=\"async\" src=\"http:\/\/www.cuadrabus.com\/wp-content\/uploads\/2016\/06\/time.png\" alt=\"time\" width=\"48\" class=\"aligncenter size-medium wp-image-149\" srcset=\"http:\/\/www.cuadrabus.com\/wp-content\/uploads\/2016\/06\/time.png 98w, http:\/\/www.cuadrabus.com\/wp-content\/uploads\/2016\/06\/time-50x50.png 50w\" sizes=\"(max-width: 98px) 100vw, 98px\" \/><br \/>\n<strong>Gesti\u00f3n integral<br \/>\ndel servicio<\/strong><\/p>\n<p>Las corporaciones que promueven el transporte para su plantilla, en realidad, est\u00e1n ofreciendo un gran valor a\u00f1adido para sus trabajadores y trabajadoras que garantiza puntualidad, ahorro y comodidad. Adem\u00e1s, la Administraci\u00f3n ha comenzado a potenciarlo v\u00eda subvenci\u00f3n y desgravaci\u00f3n a las empresas que gestionan este servicio. Conf\u00edan en nuestro servicio para trasladar a sus trabajadores y trabajadoras con total garant\u00eda, adapt\u00e1ndonos a los turnos y horarios por los que la empresa se organiza, fundamentales para el comienzo o continuaci\u00f3n de sus procesos. Asesoramos en la implantaci\u00f3n de paradas o puntos de encuentro y creamos los horarios de cada recorrido teniendo en cuenta las necesidades laborales de cada empresa.<\/p>\n<div style=\"display:block;clear:both;margin-bottom:45px\"><\/div>\n<p><img decoding=\"async\" src=\"http:\/\/www.cuadrabus.com\/wp-content\/uploads\/2016\/06\/give.png\" alt=\"give\" width=\"80\" class=\"aligncenter size-full wp-image-148\" \/><br \/>\n<strong>Compromiso<br \/>\nmedioambiental<\/strong><\/p>\n<p>Damos respuesta a empresas con conciencia medioambiental y social al promover el uso del transporte colectivo. Contribuimos a la sostenibilidad con un transporte m\u00e1s ecol\u00f3gico al eliminar el uso de veh\u00edculos particulares de la carretera.<\/p>\n<div style=\"display:block;clear:both;margin-bottom:45px\"><\/div>\n<p><img decoding=\"async\" src=\"http:\/\/www.cuadrabus.com\/wp-content\/uploads\/2016\/06\/bus.png\" alt=\"bus\" width=\"55\" class=\"aligncenter size-full wp-image-138\" \/><br \/>\n<strong>Grandes empresas e instituciones<br \/>\ncuentan con CuadraBus<\/strong><\/p>\n<p>Algunas de las empresas que ya conf\u00edan en nuestro servicio especializado de transporte colectivo en Bizkaia, \u00c1lava y Valle de Aiala son: Mercedes-Benz y MegaTech Industries Amurrio S.L., entre otras. Cabe destacar tambi\u00e9n el traslado diario de los trabajadores y las trabajadoras del Gobierno Vasco desde Bizkaia a las diferentes instalaciones del Gobierno en Vitoria-Gasteiz. Tambi\u00e9n trabajamos para otras instituciones como la Diputaci\u00f3n Foral de \u00c1lava, Diputaci\u00f3n Foral de Bizkaia, Consorcio de Aguas del Gran Bilbao y para distintos Ayuntamientos. Como es el caso del Instituto Foral de Bienestar Social, para el que realizamos desde hace a\u00f1os todos los servicios de transporte adaptado a los Centros de \u00c1lava, incluidos los Centros de tercera edad.<\/p>\n<div style=\"display:block;clear:both;margin-bottom:45px\"><\/div>\n<p><a class=\"btn\" href=\"\/presupuestos\/\">Solicitar presupuesto<\/a>","protected":false},"excerpt":{"rendered":"<p>Autobuses para empresas Un gran valor a\u00f1adido Gesti\u00f3n integral del servicio Las corporaciones que promueven el transporte para su plantilla, en realidad, est\u00e1n ofreciendo un gran valor a\u00f1adido para sus&#8230;<\/p>\n","protected":false},"author":1,"featured_media":451,"parent":0,"menu_order":0,"comment_status":"closed","ping_status":"closed","template":"","meta":{"footnotes":""},"class_list":["post-43","page","type-page","status-publish","has-post-thumbnail","hentry"],"_links":{"self":[{"href":"http:\/\/www.cuadrabus.com\/eu\/wp-json\/wp\/v2\/pages\/43","targetHints":{"allow":["GET"]}}],"collection":[{"href":"http:\/\/www.cuadrabus.com\/eu\/wp-json\/wp\/v2\/pages"}],"about":[{"href":"http:\/\/www.cuadrabus.com\/eu\/wp-json\/wp\/v2\/types\/page"}],"author":[{"embeddable":true,"href":"http:\/\/www.cuadrabus.com\/eu\/wp-json\/wp\/v2\/users\/1"}],"replies":[{"embeddable":true,"href":"http:\/\/www.cuadrabus.com\/eu\/wp-json\/wp\/v2\/comments?post=43"}],"version-history":[{"count":8,"href":"http:\/\/www.cuadrabus.com\/eu\/wp-json\/wp\/v2\/pages\/43\/revisions"}],"predecessor-version":[{"id":511,"href":"http:\/\/www.cuadrabus.com\/eu\/wp-json\/wp\/v2\/pages\/43\/revisions\/511"}],"wp:featuredmedia":[{"embeddable":true,"href":"http:\/\/www.cuadrabus.com\/eu\/wp-json\/wp\/v2\/media\/451"}],"wp:attachment":[{"href":"http:\/\/www.cuadrabus.com\/eu\/wp-json\/wp\/v2\/media?parent=43"}],"curies":[{"name":"wp","href":"https:\/\/api.w.org\/{rel}","templated":true}]}}