{"id":40,"date":"2016-06-29T07:54:14","date_gmt":"2016-06-29T07:54:14","guid":{"rendered":"http:\/\/www.cuadrabus.com\/?page_id=40"},"modified":"2016-11-29T21:49:22","modified_gmt":"2016-11-29T20:49:22","slug":"universitarios","status":"publish","type":"page","link":"http:\/\/www.cuadrabus.com\/eu\/universitarios\/","title":{"rendered":"Unibertsitate-autobusak"},"content":{"rendered":"<h1 class=\"page-title\">Autobuses universitarios<br \/> <span>El camino al futuro con CuadraBus<\/span><\/h1>\n<p><img decoding=\"async\" src=\"http:\/\/www.cuadrabus.com\/wp-content\/uploads\/2016\/06\/cap.png\" alt=\"cap\" width=\"80\" class=\"aligncenter size-full wp-image-152\" \/><br \/>\n<strong>Autobuses<br \/>\nuniversitarios<\/strong><\/p>\n<p>Desde hace m\u00e1s de 25 a\u00f1os CuadraBus trabaja para la Asociaci\u00f3n Universitaria Altube ofreciendo el traslado de j\u00f3venes procedentes de Vitoria-Gasteiz a los camp\u00fas de Bilbao y UPV-Leioa. Al igual que, desde hace 15 a\u00f1os, cubre el traslado de j\u00f3venes procedentes de Amurrio, Luyando y Llodio al camp\u00fas de Leioa para la Asociaci\u00f3n Universitaria Nerbi.<\/p>\n<div style=\"display:block;clear:both;margin-bottom:45px\"><\/div>\n<p><img decoding=\"async\" src=\"http:\/\/www.cuadrabus.com\/wp-content\/uploads\/2016\/06\/time.png\" alt=\"time\" width=\"48\" class=\"aligncenter size-full wp-image-149\" srcset=\"http:\/\/www.cuadrabus.com\/wp-content\/uploads\/2016\/06\/time.png 98w, http:\/\/www.cuadrabus.com\/wp-content\/uploads\/2016\/06\/time-50x50.png 50w\" sizes=\"(max-width: 98px) 100vw, 98px\" \/><br \/>\n<strong>Gran combinaci\u00f3n<br \/>\nde horarios<\/strong><\/p>\n<p>Nuestro servicio diario a Altube y Nerbi ofrece diversos horarios para que los y las estudiantes puedan compaginar estudios con vida personal y laboral.<\/p>\n<p>S\u00f3lo una gran coordinaci\u00f3n y gesti\u00f3n hacen posible que el servicio diario est\u00e9 garantizado y sin imprevistos.<\/p>\n<div style=\"display:block;clear:both;margin-bottom:45px\"><\/div>\n<p><img decoding=\"async\" src=\"http:\/\/www.cuadrabus.com\/wp-content\/uploads\/2016\/06\/save.png\" alt=\"save\" width=\"65\" class=\"aligncenter size-full wp-image-153\" \/><br \/>\n<strong>Precios<br \/>\nuniversitarios<\/strong><\/p>\n<p>En su compromiso y apoyo a los y las estudiantes, CuadraBus ofrece su servicio con precios competitivos que aseguran la mejor calidad-precio.<\/p>\n<div style=\"display:block;clear:both;margin-bottom:45px\"><\/div>\n<p><img decoding=\"async\" src=\"http:\/\/www.cuadrabus.com\/wp-content\/uploads\/2016\/06\/bus.png\" alt=\"bus\" width=\"55\" class=\"aligncenter size-full wp-image-138\" \/><br \/>\n<strong>17.000 j\u00f3venes<br \/>\nen 25 a\u00f1os de servicio<\/strong><\/p>\n<p>M\u00e1s de 17.000 j\u00f3venes han elegido CuadraBus como la compa\u00f1\u00eda en su transporte universitario, siendo la agrupaci\u00f3n estudiantil el modo de conseguir las mejores ventajas y beneficios.<\/p>\n<div style=\"display:block;clear:both;margin-bottom:45px\"><\/div>\n<p><a class=\"btn\" href=\"\/presupuestos\/\">Solicitar presupuesto<\/a>","protected":false},"excerpt":{"rendered":"<p>Autobuses universitarios El camino al futuro con CuadraBus Autobuses universitarios Desde hace m\u00e1s de 25 a\u00f1os CuadraBus trabaja para la Asociaci\u00f3n Universitaria Altube ofreciendo el traslado de j\u00f3venes procedentes de&#8230;<\/p>\n","protected":false},"author":1,"featured_media":569,"parent":0,"menu_order":0,"comment_status":"closed","ping_status":"closed","template":"","meta":{"footnotes":""},"class_list":["post-40","page","type-page","status-publish","has-post-thumbnail","hentry"],"_links":{"self":[{"href":"http:\/\/www.cuadrabus.com\/eu\/wp-json\/wp\/v2\/pages\/40","targetHints":{"allow":["GET"]}}],"collection":[{"href":"http:\/\/www.cuadrabus.com\/eu\/wp-json\/wp\/v2\/pages"}],"about":[{"href":"http:\/\/www.cuadrabus.com\/eu\/wp-json\/wp\/v2\/types\/page"}],"author":[{"embeddable":true,"href":"http:\/\/www.cuadrabus.com\/eu\/wp-json\/wp\/v2\/users\/1"}],"replies":[{"embeddable":true,"href":"http:\/\/www.cuadrabus.com\/eu\/wp-json\/wp\/v2\/comments?post=40"}],"version-history":[{"count":5,"href":"http:\/\/www.cuadrabus.com\/eu\/wp-json\/wp\/v2\/pages\/40\/revisions"}],"predecessor-version":[{"id":513,"href":"http:\/\/www.cuadrabus.com\/eu\/wp-json\/wp\/v2\/pages\/40\/revisions\/513"}],"wp:featuredmedia":[{"embeddable":true,"href":"http:\/\/www.cuadrabus.com\/eu\/wp-json\/wp\/v2\/media\/569"}],"wp:attachment":[{"href":"http:\/\/www.cuadrabus.com\/eu\/wp-json\/wp\/v2\/media?parent=40"}],"curies":[{"name":"wp","href":"https:\/\/api.w.org\/{rel}","templated":true}]}}