{"id":34,"date":"2016-06-29T07:51:42","date_gmt":"2016-06-29T07:51:42","guid":{"rendered":"http:\/\/www.cuadrabus.com\/?page_id=34"},"modified":"2016-11-29T21:47:13","modified_gmt":"2016-11-29T20:47:13","slug":"transporte-adaptado","status":"publish","type":"page","link":"http:\/\/www.cuadrabus.com\/eu\/transporte-adaptado\/","title":{"rendered":"Egokitutako garraioa"},"content":{"rendered":"<h1 class=\"page-title\">Transporte adaptado<br \/> <span>Nuestro compromiso<\/span><\/h1>\n<p><strong>En CuadraBus nos adelantamos a las necesidades de las personas que usan nuestros servicios. En nuestro compromiso con la eliminaci\u00f3n de las barreras, somos especialistas en transporte adaptado para personas con movilidad reducida.<\/strong><\/p>\n<div style=\"display:block;clear:both;margin-bottom:45px\"><\/div>\n<p><img decoding=\"async\" src=\"http:\/\/www.cuadrabus.com\/wp-content\/uploads\/2016\/06\/icon-new.png\" alt=\"icon-new\" width=\"37\" class=\"aligncenter size-full wp-image-433\" \/><br \/>\n<strong>Implantamos nuestro dise\u00f1o propio<\/strong><\/p>\n<p>A la hora de solicitar nuevos veh\u00edculos adaptados, trabajamos directamente con las carrocer\u00edas en un dise\u00f1o espec\u00edfico que se ajuste a nuestras medidas de seguridad y mejoras propias, tales como: cinturones especiales para sillas de ruedas, c\u00e1mara de v\u00eddeo para controlar la plataforma, la recolocaci\u00f3n de las calefacciones del veh\u00edculo\u2026<\/p>\n<div style=\"display:block;clear:both;margin-bottom:45px\"><\/div>\n<p><img decoding=\"async\" src=\"http:\/\/www.cuadrabus.com\/wp-content\/uploads\/2016\/06\/bus.png\" alt=\"bus\" width=\"51\" class=\"aligncenter size-full wp-image-138\" \/><br \/>\n<strong>Nuestros veh\u00edculos se adaptan a ti<\/strong><\/p>\n<p>Casi la totalidad de nuestra flota de autobuses est\u00e1 totalmente adaptada, permitiendo a todas las personas usuarias disfrutar por igual del viaje con las mismas ventajas y beneficios.<\/p>\n<div style=\"display:block;clear:both;margin-bottom:45px\"><\/div>\n<p><img decoding=\"async\" src=\"http:\/\/www.cuadrabus.com\/wp-content\/uploads\/2016\/06\/cross.png\" alt=\"cross\" width=\"71\" class=\"aligncenter size-full wp-image-161\" \/><br \/>\n<strong>Libre ampliaci\u00f3n de plazas adaptadas<\/strong><\/p>\n<p>La disposici\u00f3n de las plazas adaptadas permite seg\u00fan las circunstancias, ampliar el n\u00famero de sillas de ruedas en el veh\u00edculo sin ning\u00fan inconveniente t\u00e9cnico.<\/p>\n<div style=\"display:block;clear:both;margin-bottom:45px\"><\/div>\n<p><a class=\"btn\" href=\"\/presupuestos\/\">Solicitar presupuesto<\/a>","protected":false},"excerpt":{"rendered":"<p>Transporte adaptado Nuestro compromiso En CuadraBus nos adelantamos a las necesidades de las personas que usan nuestros servicios. En nuestro compromiso con la eliminaci\u00f3n de las barreras, somos especialistas en&#8230;<\/p>\n","protected":false},"author":1,"featured_media":35,"parent":0,"menu_order":0,"comment_status":"closed","ping_status":"closed","template":"","meta":{"footnotes":""},"class_list":["post-34","page","type-page","status-publish","has-post-thumbnail","hentry"],"_links":{"self":[{"href":"http:\/\/www.cuadrabus.com\/eu\/wp-json\/wp\/v2\/pages\/34","targetHints":{"allow":["GET"]}}],"collection":[{"href":"http:\/\/www.cuadrabus.com\/eu\/wp-json\/wp\/v2\/pages"}],"about":[{"href":"http:\/\/www.cuadrabus.com\/eu\/wp-json\/wp\/v2\/types\/page"}],"author":[{"embeddable":true,"href":"http:\/\/www.cuadrabus.com\/eu\/wp-json\/wp\/v2\/users\/1"}],"replies":[{"embeddable":true,"href":"http:\/\/www.cuadrabus.com\/eu\/wp-json\/wp\/v2\/comments?post=34"}],"version-history":[{"count":6,"href":"http:\/\/www.cuadrabus.com\/eu\/wp-json\/wp\/v2\/pages\/34\/revisions"}],"predecessor-version":[{"id":515,"href":"http:\/\/www.cuadrabus.com\/eu\/wp-json\/wp\/v2\/pages\/34\/revisions\/515"}],"wp:featuredmedia":[{"embeddable":true,"href":"http:\/\/www.cuadrabus.com\/eu\/wp-json\/wp\/v2\/media\/35"}],"wp:attachment":[{"href":"http:\/\/www.cuadrabus.com\/eu\/wp-json\/wp\/v2\/media?parent=34"}],"curies":[{"name":"wp","href":"https:\/\/api.w.org\/{rel}","templated":true}]}}