{"id":31,"date":"2016-06-29T07:50:42","date_gmt":"2016-06-29T07:50:42","guid":{"rendered":"http:\/\/www.cuadrabus.com\/?page_id=31"},"modified":"2025-02-26T12:02:46","modified_gmt":"2025-02-26T11:02:46","slug":"la-empresa","status":"publish","type":"page","link":"http:\/\/www.cuadrabus.com\/eu\/la-empresa\/","title":{"rendered":"Enpresa"},"content":{"rendered":"<h1 class=\"wp-block-heading\">Un grupo s\u00f3lido en constante movimiento<\/h1>\n\n\n\n<p><strong>40 urtetik gorako esperientziak, Cuadrabusek sektorean duen ibilbidea bermatzen du. Gure zerbitzua, xehetasunen kalitatean eta pertsonen beharrei aurre hartzen jakitean ezaugarritzen da.<\/strong><\/p>\n\n\n\n<p><strong style=\"font-size: 14px;\">Una completa flota de autobuses adaptada<\/strong><\/p>\n\n\n\n<p>Amurrio (Araba), Bergara (Gipuzkoa) eta Etxebarriko (Bizkaia) gure egoitzetan eta Gasteiz, Laudio eta Aguraingo nabeetan, nazio mailan nahiz nazioarteko zerbitzu pribatu zein linea erregularretan zerbitzua ematen duten ibilgailu flota zabala biltzen da.<\/p>\n\n\n\n<p>Mugikortasun mugatua duten pertsonentzat egokitutako ibilgailuak dira gehienak; zerbitzu erregularreko autobusek 7 eta 60 eserleku bitartean dituzte, eta 116 eserleku arte, berriz, lotura gisa funtzionatzen duten hiri-autobusek. Horiez gain, GLP bidezko 3 autobus hibrido ditugu, hots, zarata gutxiko erregai ekologikoaz dabiltzanak.<\/p>\n\n\n\n<h1 class=\"wp-block-heading\">Formaci\u00f3n, inversi\u00f3n y renovaci\u00f3n constante<\/h1>\n\n\n\n<p>Prestakuntzak lehentasuna dauka Cuadrabuseko organigraman eta lantalde osoak etengabeko prestakuntza-plana jarraitzen du prebentzio, segurtasun eta bezeroen arretari dagokionez. Arreta berezia jartzen dugu CAP (profesionalen gaitasun-agiria) ziurtagirien berriztatzea bezalako gidarientzako birziklatze-ikastaroetan, beste behin ere, egun indarrean dagoen araudiari aurre hartuz.<\/p>\n\n\n\n<p>Ibilgailu jasangarrietan inbertsioa<\/p>\n\n\n\n<p>Gure inguruneaz arduratzen gara eta sistema iraunkorretan inbertitzen dugu, esaterako, petroliotik eratorritako erregaiak baino gutxiago kutsatzen duten eta ingurumenari kalte txikiagoa egiten dioten GLP Gasez propultsaturiko ibilgailuetan.<\/p>\n\n\n\n<p>Ibilgailuen etengabeko berriztatzea<\/p>\n\n\n\n<p>Gainera, zerbitzuak etengabe hobetzera bideratutako gure filosofiak, ibilgailuak behin eta berriz berriztatzera garamatza (batez besteko antzinatasuna 5 urte), segurtasun eta erosotasunaren arloan teknologia berrietara eta aurrerapen teknikoetara egokituz.<\/p>\n\n\n\n<h1 class=\"wp-block-heading\">6 emplazamientos<\/h1>\n\n\n\n<p><strong>01<\/strong><br><strong>Oficinas centrales situadas en un pabell\u00f3n de 2.000 m<sup>2<\/sup> de Amurrio, \u00c1lava, en el pol\u00edgono Zankueta s\/n, el cual consta de 3 plantas:<\/strong><\/p>\n\n\n\n<p>Planta baja: guarder\u00eda de veh\u00edculos, vestuario y taller de reparaciones, sala de conductores y conductoras. Planta primera: oficinas generales, sala de formaci\u00f3n. Planta segunda: archivo.<\/p>\n\n\n\n<p><strong>02<\/strong><br><strong>En Vitoria-Gazteiz, dispone de una nave de 4.600 m<sup>2<\/sup>, en el pol\u00edgono de Jundiz<\/strong>, con oficinas, vestuarios, sala de conductores y conductoras y formaci\u00f3n, guarder\u00eda de veh\u00edculos y maquinar\u00eda, as\u00ed como un taller de reparaciones.<\/p>\n\n\n\n<p><strong>03<\/strong><br><strong>En Bizkaia, tiene una nave de 2.000 m<sup>2<\/sup> en Etxebarri, Bizkaia, en el pol\u00edgono Lezama Legizamon<\/strong>. Esta nave cuenta con oficinas y vestuarios. Adem\u00e1s, de un tren de lavado de autobuses, foso, dep\u00f3sito de gasoil, equipamiento especializado para mantenimiento y reparaciones de autobuses.<\/p>\n\n\n\n<p><strong>04<\/strong><br><strong>En Gipuzkoa, est\u00e1 en Bergara<\/strong> desde donde gestionamos diariamente el servicio urbano de Herribusa con 3 veh\u00edculos propulsados por gas GLP.<\/p>\n\n\n\n<p><strong>05<\/strong><br><strong>Pabell\u00f3n de 2.000 m<sup>2<\/sup> en Llodio<\/strong> en el Pol\u00edgono de Gardea con guarder\u00eda de veh\u00edculos y taller.<\/p>\n\n\n\n<p><strong>06<\/strong><br><strong>Nave en Agurain-Salvatierra, \u00c1lava, de 1.000 m<sup>2<\/sup><\/strong> con vestuarios y guarder\u00eda de veh\u00edculos.<\/p>\n\n\n\n<h1 class=\"wp-block-heading page-title\">Un referente en el sector del transporte de viajeros<\/h1>\n\n\n\n<p><strong>Durante nuestros m\u00e1s de 40 de a\u00f1os de actividad hemos creado distintas empresas en el sector que nos aportan estabilidad y las garant\u00edas necesarias para emprender cualquier proyecto.<\/strong><\/p>\n\n\n<div style=\"display:block;clear:both;margin-bottom:45px\"><\/div>\n\n\n\n<p><strong style=\"color: #3274ba;\">Introducci\u00f3n en el transporte interurbano<\/strong><\/p>\n\n\n\n<p>En el a\u00f1o 1987, surge la oportunidad de introducirnos en el sector del transporte interurbano con la adquisici\u00f3n del 100% de la compa\u00f1\u00eda HIJOS DE SEGUNDO ESTIVALES S.A., una empresa de Bizkaia, concesionaria de la l\u00ednea Orozco&gt;Llodio&gt;Miravalles&gt;Arrigorriaga&gt;Basauri&gt;Bilbao.<\/p>\n\n\n\n<p>En la actualidad, est\u00e1 denominada dentro de la marca Cuadra Bus S.L. y con domicilio en la estaci\u00f3n de autobuses de Bilbao.<\/p>\n\n\n<div style=\"display:block;clear:both;margin-bottom:45px\"><\/div>\n\n\n\n<p><strong style=\"color: #3274ba;\">Nueva oportunidad de crecimiento<\/strong><\/p>\n\n\n\n<p>En 1991 el Ministerio de Transportes saca a concurso var\u00edas l\u00edneas regulares, siendo creada BILMAN BUS S.L. la \u00fanica empresa de transporte con capital vasco que hace l\u00edneas de largo recorrido. Tras la licitaci\u00f3n BILMAN BUS S.L. es concesionaria de las siguientes l\u00edneas regulares: Santander&gt;Bilbao&gt;Vitoria&gt;Logro\u00f1o a Valencia&gt;Benidorm&gt;<br>Alicante&gt;La Manga e Ir\u00fan&gt;San Sebasti\u00e1n&gt;Tolosa&gt;Pamplona a Valencia&gt;Benidorm&gt;Alicante&gt;La Manga.<\/p>\n\n\n<div style=\"display:block;clear:both;margin-bottom:45px\"><\/div>\n\n\n\n<p><strong style=\"color: #3274ba;\">Creaci\u00f3n de VIBASA<\/strong><\/p>\n\n\n\n<p>Tambi\u00e9n en 1991 surgen otros concursos p\u00fablicos y junto a una empresa gallega y otra catalana participamos en la creaci\u00f3n de las empresa Vigo Barcelona S.A (VIBASA). <u>Vibasa<\/u> cubre los corredores de Pa\u00eds Vasco con Galicia, Pa\u00eds Vasco con Catalu\u00f1a y Galicia con Catalu\u00f1a.<\/p>\n\n\n<div style=\"display:block;clear:both;margin-bottom:45px\"><\/div>\n\n\n\n<p><strong style=\"color: #3274ba;\">Otras concesiones<\/strong><\/p>\n\n\n\n<p><a href=\"http:\/\/www.acercame.es\/\" target=\"_blank\" rel=\"noopener\">Zamora Ac\u00e9rcame<\/a><br><a href=\"http:\/\/www.junetorri.com\/\" target=\"_blank\" rel=\"noopener\">Legazpi Junetorri<\/a><br><a href=\"http:\/\/www.xorrolaautobusa.com\/\" target=\"_blank\" rel=\"noopener\">Oiartzun Xorrola<\/a><br><a href=\"http:\/\/www.herribusa.com\/cas\" target=\"_blank\" rel=\"noopener\">Bergara Herribusa<\/a><br><a href=\"#\" target=\"_blank\" rel=\"noopener\">La Reineta<\/a><\/p>\n\n\n\n<div class=\"company-section\">\n<div class=\"container\"><a class=\"button\" href=\"\/premios-y-reconocimientos\/\">Sariak<\/a>\n<div class=\"awards\">\n<figure><img loading=\"lazy\" decoding=\"async\" class=\"aligncenter responsive-img\" src=\"http:\/\/www.cuadrabus.com\/wp-content\/uploads\/2016\/06\/award-white-1.png\" alt=\"award-white-1\" width=\"243\" height=\"247\"><\/figure><div class=\"award\"><\/div>\n<figure><img loading=\"lazy\" decoding=\"async\" class=\"aligncenter responsive-img\" src=\"http:\/\/www.cuadrabus.com\/wp-content\/uploads\/2016\/06\/award-white-2.png\" alt=\"award-white-2\" width=\"243\" height=\"247\"><\/figure><div class=\"award\"><\/div>\n<figure><img loading=\"lazy\" decoding=\"async\" class=\"aligncenter responsive-img\" src=\"http:\/\/www.cuadrabus.com\/wp-content\/uploads\/2016\/06\/award-white-3.png\" alt=\"award-white-3\" width=\"243\" height=\"247\"><\/figure><div class=\"award\"><\/div>\n<figure><img loading=\"lazy\" decoding=\"async\" class=\"aligncenter responsive-img\" src=\"http:\/\/www.cuadrabus.com\/wp-content\/uploads\/2016\/06\/award-white-4.png\" alt=\"award-white-4\" width=\"243\" height=\"247\"><\/figure><div class=\"award\"><\/div>\n<figure><img loading=\"lazy\" decoding=\"async\" class=\"aligncenter responsive-img\" src=\"http:\/\/www.cuadrabus.com\/wp-content\/uploads\/2016\/06\/award-white-5.png\" alt=\"award-white-5\" width=\"243\" height=\"247\"><\/figure><div class=\"award\"><\/div>\n<figure><img loading=\"lazy\" decoding=\"async\" class=\"aligncenter responsive-img\" src=\"http:\/\/www.cuadrabus.com\/wp-content\/uploads\/2016\/06\/award-white-6.png\" alt=\"award-white-6\" width=\"243\" height=\"247\"><\/figure><div class=\"award\"><\/div>\n<figure><img loading=\"lazy\" decoding=\"async\" class=\"aligncenter responsive-img\" src=\"http:\/\/www.cuadrabus.com\/wp-content\/uploads\/2016\/06\/award-white-7.png\" alt=\"award-white-7\" width=\"243\" height=\"247\"><\/figure><div class=\"award\"><\/div>\n<figure><img loading=\"lazy\" decoding=\"async\" class=\"aligncenter responsive-img\" src=\"http:\/\/www.cuadrabus.com\/wp-content\/uploads\/2016\/06\/award-white-8.png\" alt=\"award-white-8\" width=\"243\" height=\"247\"><\/figure><div class=\"award\"><\/div>\n<\/div>\n<\/div>\n<\/div>","protected":false},"excerpt":{"rendered":"<p>Un grupo s\u00f3lido en constante movimiento 40 urtetik gorako esperientziak, Cuadrabusek sektorean duen ibilbidea bermatzen du. Gure zerbitzua, xehetasunen kalitatean eta pertsonen beharrei aurre hartzen jakitean ezaugarritzen da. Una completa&#8230;<\/p>\n","protected":false},"author":1,"featured_media":552,"parent":0,"menu_order":0,"comment_status":"closed","ping_status":"closed","template":"","meta":{"footnotes":""},"class_list":["post-31","page","type-page","status-publish","has-post-thumbnail","hentry"],"_links":{"self":[{"href":"http:\/\/www.cuadrabus.com\/eu\/wp-json\/wp\/v2\/pages\/31","targetHints":{"allow":["GET"]}}],"collection":[{"href":"http:\/\/www.cuadrabus.com\/eu\/wp-json\/wp\/v2\/pages"}],"about":[{"href":"http:\/\/www.cuadrabus.com\/eu\/wp-json\/wp\/v2\/types\/page"}],"author":[{"embeddable":true,"href":"http:\/\/www.cuadrabus.com\/eu\/wp-json\/wp\/v2\/users\/1"}],"replies":[{"embeddable":true,"href":"http:\/\/www.cuadrabus.com\/eu\/wp-json\/wp\/v2\/comments?post=31"}],"version-history":[{"count":31,"href":"http:\/\/www.cuadrabus.com\/eu\/wp-json\/wp\/v2\/pages\/31\/revisions"}],"predecessor-version":[{"id":1232,"href":"http:\/\/www.cuadrabus.com\/eu\/wp-json\/wp\/v2\/pages\/31\/revisions\/1232"}],"wp:featuredmedia":[{"embeddable":true,"href":"http:\/\/www.cuadrabus.com\/eu\/wp-json\/wp\/v2\/media\/552"}],"wp:attachment":[{"href":"http:\/\/www.cuadrabus.com\/eu\/wp-json\/wp\/v2\/media?parent=31"}],"curies":[{"name":"wp","href":"https:\/\/api.w.org\/{rel}","templated":true}]}}