{"id":16,"date":"2016-06-29T07:46:22","date_gmt":"2016-06-29T07:46:22","guid":{"rendered":"http:\/\/www.cuadrabus.com\/?page_id=16"},"modified":"2016-08-15T09:56:04","modified_gmt":"2016-08-15T09:56:04","slug":"premios-y-reconocimientos","status":"publish","type":"page","link":"http:\/\/www.cuadrabus.com\/eu\/premios-y-reconocimientos\/","title":{"rendered":"Sariak"},"content":{"rendered":"<h1 class=\"page-title\"><span>Los mostramos orgullosos<\/span><\/h1>\n<p><strong>La empresa de autobuses Cuadrabus ha sido reconocida y premiada por su trayectoria profesional en numerosas ocasiones.<\/strong><\/p>\n<div style=\"display:block;clear:both;margin-bottom:45px\"><\/div>\n<p><img decoding=\"async\" src=\"\/wp-content\/themes\/cuadrabus\/assets\/images\/one.svg\" alt=\"\" width=\"120\" class=\"aligncenter\" \/><\/p>\n<p>La <u>Diputaci\u00f3n Foral de \u00c1lava y Bai Euskarari Ziurtagiriaren Elkartea<\/u> reconocen en su edici\u00f3n 2012 de los premios Lazarraga a Cuadrabus como <strong>la entidad que m\u00e1s ha destacado por utilizar mejor y con mas presencia el euskera en su entidad<\/strong>.<\/p>\n<div style=\"display:block;clear:both;margin-bottom:45px\"><\/div>\n<p><img decoding=\"async\" src=\"\/wp-content\/themes\/cuadrabus\/assets\/images\/two.svg\" alt=\"\" width=\"120\" class=\"aligncenter\" \/><\/p>\n<p>Premio <u>Fekoor<\/u> por su <strong>compromiso con las personas con discapacidad, en la categor\u00eda de Empleo e Inclusi\u00f3n Social<\/strong>. Cuadrabus es la primera empresa del sector premiada por su implicaci\u00f3n e impulso en la<br \/>\nigualdad de oportunidades.<\/p>\n<div style=\"display:block;clear:both;margin-bottom:45px\"><\/div>\n<p><img decoding=\"async\" src=\"\/wp-content\/themes\/cuadrabus\/assets\/images\/three.svg\" alt=\"\" width=\"120\" class=\"aligncenter\" \/><\/p>\n<p>Acreditaci\u00f3n de Entidad Colaboradora en igualdad de oportunidades entre hombres y mujeres. <strong>Somos la 1\u00aa empresa de transporte por carretera en Euskadi reconocida como entidad colaboradora del Instituto vasco de la Mujer, <u>Emakunde<\/u><\/strong>.<\/p>\n<div style=\"display:block;clear:both;margin-bottom:45px\"><\/div>\n<p><img decoding=\"async\" src=\"\/wp-content\/themes\/cuadrabus\/assets\/images\/four.svg\" alt=\"\" width=\"120\" class=\"aligncenter\" \/><\/p>\n<p>Premio <strong>otorgado por los profesionales del sector<\/strong> <u>Autobuses &#038; Autocares<\/u> en la categor\u00eda de transporte discrecional a la Empresa del A\u00f1o 2012.<\/p>\n<div style=\"display:block;clear:both;margin-bottom:45px\"><\/div>\n<p><img decoding=\"async\" src=\"\/wp-content\/themes\/cuadrabus\/assets\/images\/five.svg\" alt=\"\" width=\"120\" class=\"aligncenter\" \/><\/p>\n<p><strong>Certificado a la trayectoria de calidad de empresa<\/strong>. Somos la primera firma vasca en lograr el reconocimiento de calidad para su servicio escolar, de trabajadores, de transporte urbano y de l\u00edneas regulares, certificado por <u>Aenor<\/u><\/p>\n<div style=\"display:block;clear:both;margin-bottom:45px\"><\/div>\n<p><img decoding=\"async\" src=\"\/wp-content\/themes\/cuadrabus\/assets\/images\/six.svg\" alt=\"\" width=\"120\" class=\"aligncenter\" \/><\/p>\n<p><strong><u>El Correo<\/u> ha otorgado a Jos\u00e9 Luis Cuadra el galard\u00f3n a la solidez empresarial 2012<\/strong>. Seg\u00fan el propio medio \u201cPor su trabajo continuado y su esfuerzo por mejorar, su esp\u00edritu de lucha y su visi\u00f3n de futuro, especialmente en el momento de crisis que atraviesa la econom\u00eda, es una buena muestra de lo mejor de nuestra sociedad\u201d.<\/p>\n<div style=\"display:block;clear:both;margin-bottom:45px\"><\/div>\n<p><img decoding=\"async\" src=\"\/wp-content\/themes\/cuadrabus\/assets\/images\/seven.svg\" alt=\"\" width=\"120\" class=\"aligncenter\" \/><\/p>\n<p><strong>Concedido por la Sociedad para el Desarrollo Local<\/strong> del Ayuntamiento de Amurrio (\u00c1lava) Amurrio Bidean. Por su trabajo y gran dedicaci\u00f3n al crecimiento de Cuadrabus.<\/p>\n<div style=\"display:block;clear:both;margin-bottom:45px\"><\/div>\n<p><img decoding=\"async\" src=\"\/wp-content\/themes\/cuadrabus\/assets\/images\/eight.svg\" alt=\"\" width=\"120\" class=\"aligncenter\" \/><\/p>\n<p><strong>A la trayectoria empresarial de Jos\u00e9 Luis Cuadra Roque\u00f1i<\/strong>, concedido por <u>Asintra<\/u>.","protected":false},"excerpt":{"rendered":"<p>Los mostramos orgullosos La empresa de autobuses Cuadrabus ha sido reconocida y premiada por su trayectoria profesional en numerosas ocasiones. La Diputaci\u00f3n Foral de \u00c1lava y Bai Euskarari Ziurtagiriaren Elkartea&#8230;<\/p>\n","protected":false},"author":1,"featured_media":17,"parent":0,"menu_order":0,"comment_status":"closed","ping_status":"closed","template":"","meta":{"footnotes":""},"class_list":["post-16","page","type-page","status-publish","has-post-thumbnail","hentry"],"_links":{"self":[{"href":"http:\/\/www.cuadrabus.com\/eu\/wp-json\/wp\/v2\/pages\/16","targetHints":{"allow":["GET"]}}],"collection":[{"href":"http:\/\/www.cuadrabus.com\/eu\/wp-json\/wp\/v2\/pages"}],"about":[{"href":"http:\/\/www.cuadrabus.com\/eu\/wp-json\/wp\/v2\/types\/page"}],"author":[{"embeddable":true,"href":"http:\/\/www.cuadrabus.com\/eu\/wp-json\/wp\/v2\/users\/1"}],"replies":[{"embeddable":true,"href":"http:\/\/www.cuadrabus.com\/eu\/wp-json\/wp\/v2\/comments?post=16"}],"version-history":[{"count":9,"href":"http:\/\/www.cuadrabus.com\/eu\/wp-json\/wp\/v2\/pages\/16\/revisions"}],"predecessor-version":[{"id":537,"href":"http:\/\/www.cuadrabus.com\/eu\/wp-json\/wp\/v2\/pages\/16\/revisions\/537"}],"wp:featuredmedia":[{"embeddable":true,"href":"http:\/\/www.cuadrabus.com\/eu\/wp-json\/wp\/v2\/media\/17"}],"wp:attachment":[{"href":"http:\/\/www.cuadrabus.com\/eu\/wp-json\/wp\/v2\/media?parent=16"}],"curies":[{"name":"wp","href":"https:\/\/api.w.org\/{rel}","templated":true}]}}