{"id":13,"date":"2016-06-29T07:45:05","date_gmt":"2016-06-29T07:45:05","guid":{"rendered":"http:\/\/www.cuadrabus.com\/?page_id=13"},"modified":"2016-11-29T21:41:30","modified_gmt":"2016-11-29T20:41:30","slug":"grupos","status":"publish","type":"page","link":"http:\/\/www.cuadrabus.com\/eu\/grupos\/","title":{"rendered":"Autobus-alokairua taldeentzat"},"content":{"rendered":"<h1 class=\"page-title\">Alquiler autobuses para grupos<br \/> <span>Disfrutar sin preocupaciones<\/span><\/h1>\n<p><strong>Alquilar un autob\u00fas para una cena en una sidrer\u00eda, una despedida de soltero, la celebraci\u00f3n de una comuni\u00f3n\u2026. En CuadraBus nos amoldamos a tu evento y lo impulsamos coordinando a nuestro equipo formado por profesionales.<\/strong><\/p>\n<div style=\"display:block;clear:both;margin-bottom:45px\"><\/div>\n<p><img decoding=\"async\" src=\"http:\/\/www.cuadrabus.com\/wp-content\/uploads\/2016\/06\/time.png\" alt=\"time\" width=\"48\" class=\"aligncenter size-full wp-image-149\" srcset=\"http:\/\/www.cuadrabus.com\/wp-content\/uploads\/2016\/06\/time.png 98w, http:\/\/www.cuadrabus.com\/wp-content\/uploads\/2016\/06\/time-50x50.png 50w\" sizes=\"(max-width: 98px) 100vw, 98px\" \/><br \/>\n<strong style=\"color:#3274ba;\">Total flexibilidad horaria<\/strong><\/p>\n<p>Nuestro servicio se adapta totalmente al plan establecido en cada evento, sin horarios de vuelta previamente cerrados.<\/p>\n<p>Asesoramos en base a la naturaleza de cada evento los mejores horarios estimados y preparamos una planificaci\u00f3n personalizada.<\/p>\n<div style=\"display:block;clear:both;margin-bottom:45px\"><\/div>\n<p><img decoding=\"async\" src=\"http:\/\/www.cuadrabus.com\/wp-content\/uploads\/2016\/06\/bus.png\" alt=\"bus\" width=\"54\" class=\"aligncenter size-full wp-image-138\" \/><br \/>\n<strong style=\"color:#3274ba;\">Una flota moderna y totalmente adaptada<\/strong><\/p>\n<p>Ponemos a vuestra disposici\u00f3n s\u00f3lo nuestros veh\u00edculos m\u00e1s nuevos y modernos (antig\u00fcedad media de s\u00f3lo 5 a\u00f1os), con una capacidad desde siete plazas hasta sesenta. Cubrimos trayectos tanto nacionales como internacionales.<\/p>\n<p>Nuestros veh\u00edculos est\u00e1n totalmente adaptados para el traslado de personas con movilidad reducida. Adem\u00e1s, se pueden ampliar el n\u00famero de sillas de ruedas en el veh\u00edculo si fuera preciso.<\/p>\n<div style=\"display:block;clear:both;margin-bottom:45px\"><\/div>\n<p><img decoding=\"async\" src=\"http:\/\/www.cuadrabus.com\/wp-content\/uploads\/2016\/06\/service.png\" alt=\"service\" width=\"48\" class=\"aligncenter size-full wp-image-201\" \/><br \/>\n<strong style=\"color:#3274ba;\">Personaliza tu evento<\/strong><\/p>\n<p>Contamos con un servicio extra de dise\u00f1o e impresi\u00f3n de carteler\u00eda para la creaci\u00f3n de puntos de encuentro identificativos, as\u00ed como para decorar los veh\u00edculos con la imagen del evento.<\/p>\n<p>En caso de ser un evento grande, os recomendamos la contrataci\u00f3n de personas auxiliares de la empresa que os ayudar\u00e1n a coordinar a todas las personas invitadas.<\/p>\n<div style=\"display:block;clear:both;margin-bottom:45px\"><\/div>\n<p><a class=\"btn\" href=\"\/presupuestos\/\">Solicitar presupuesto<\/a>","protected":false},"excerpt":{"rendered":"<p>Alquiler autobuses para grupos Disfrutar sin preocupaciones Alquilar un autob\u00fas para una cena en una sidrer\u00eda, una despedida de soltero, la celebraci\u00f3n de una comuni\u00f3n\u2026. En CuadraBus nos amoldamos a&#8230;<\/p>\n","protected":false},"author":1,"featured_media":553,"parent":0,"menu_order":0,"comment_status":"closed","ping_status":"closed","template":"","meta":{"footnotes":""},"class_list":["post-13","page","type-page","status-publish","has-post-thumbnail","hentry"],"_links":{"self":[{"href":"http:\/\/www.cuadrabus.com\/eu\/wp-json\/wp\/v2\/pages\/13","targetHints":{"allow":["GET"]}}],"collection":[{"href":"http:\/\/www.cuadrabus.com\/eu\/wp-json\/wp\/v2\/pages"}],"about":[{"href":"http:\/\/www.cuadrabus.com\/eu\/wp-json\/wp\/v2\/types\/page"}],"author":[{"embeddable":true,"href":"http:\/\/www.cuadrabus.com\/eu\/wp-json\/wp\/v2\/users\/1"}],"replies":[{"embeddable":true,"href":"http:\/\/www.cuadrabus.com\/eu\/wp-json\/wp\/v2\/comments?post=13"}],"version-history":[{"count":5,"href":"http:\/\/www.cuadrabus.com\/eu\/wp-json\/wp\/v2\/pages\/13\/revisions"}],"predecessor-version":[{"id":518,"href":"http:\/\/www.cuadrabus.com\/eu\/wp-json\/wp\/v2\/pages\/13\/revisions\/518"}],"wp:featuredmedia":[{"embeddable":true,"href":"http:\/\/www.cuadrabus.com\/eu\/wp-json\/wp\/v2\/media\/553"}],"wp:attachment":[{"href":"http:\/\/www.cuadrabus.com\/eu\/wp-json\/wp\/v2\/media?parent=13"}],"curies":[{"name":"wp","href":"https:\/\/api.w.org\/{rel}","templated":true}]}}