{"id":10,"date":"2016-06-29T07:43:56","date_gmt":"2016-06-29T07:43:56","guid":{"rendered":"http:\/\/www.cuadrabus.com\/?page_id=10"},"modified":"2016-11-29T21:40:00","modified_gmt":"2016-11-29T20:40:00","slug":"grandes-eventos","status":"publish","type":"page","link":"http:\/\/www.cuadrabus.com\/eu\/grandes-eventos\/","title":{"rendered":"Ekitaldi handietarako garraioa"},"content":{"rendered":"<h1 class=\"page-title\">Autobuses para grandes eventos<br \/> <span>Especialistas en eventos empresariales<\/span><\/h1>\n<p><strong>Nuestro servicio orientado a cubrir grandes eventos empresariales supone una gesti\u00f3n pionera en la movilidad de grandes grupos en d\u00edas se\u00f1alados o acontecimientos espec\u00edficos.<\/strong><\/p>\n<div style=\"display:block;clear:both;margin-bottom:45px\"><\/div>\n<p><img decoding=\"async\" src=\"http:\/\/www.cuadrabus.com\/wp-content\/uploads\/2016\/06\/people.png\" alt=\"people\" width=\"55\" class=\"aligncenter size-full wp-image-197\" \/><br \/>\n<strong style=\"color:#3274ba;\">Movilidad de m\u00e1s de 16.000 personas<\/strong><\/p>\n<p>Ofrecemos un servicio pionero con el que damos movilidad a m\u00e1s de 16.000 personas al d\u00eda <strong>siguiendo fieles a nuestros valores de calidad, puntualidad y confort<\/strong>.<\/p>\n<p><strong>Colaboramos con la organizaci\u00f3n del evento tanto en la log\u00edstica como en la aplicaci\u00f3n total de la imagen del evento<\/strong>. Buscamos los mejores puntos de encuentro, apoyo con personas en las paradas de informaci\u00f3n y control, as\u00ed como la identificaci\u00f3n personalizada (carteles en las paradas, uniformes de la plantilla, autobuses con la imagen del congreso o evento).<\/p>\n<div style=\"display:block;clear:both;margin-bottom:45px\"><\/div>\n<p><img decoding=\"async\" src=\"http:\/\/www.cuadrabus.com\/wp-content\/uploads\/2016\/06\/mercedes.png\" alt=\"mercedes\" width=\"54\" class=\"aligncenter size-full wp-image-200\" srcset=\"http:\/\/www.cuadrabus.com\/wp-content\/uploads\/2016\/06\/mercedes.png 113w, http:\/\/www.cuadrabus.com\/wp-content\/uploads\/2016\/06\/mercedes-50x50.png 50w\" sizes=\"(max-width: 113px) 100vw, 113px\" \/><br \/>\n<strong style=\"color:#3274ba;\">Nuestra experiencia nos avala<\/strong><\/p>\n<p>Mercedes-Benz conf\u00eda a <strong>CuadraBus<\/strong> la gesti\u00f3n del T-Days, con el traslado de grupos de Alemania a formarse y conocer la instalaciones de Vitoria-Gasteiz.<\/p>\n<p>As\u00ed como la organizaci\u00f3n de las jornadas de puertas abiertas con el reto de trasladar en autob\u00fas a 13.000 personas desde distintos puntos de Vitoria-Gasteiz a la f\u00e1brica e internamente dentro de las instalaciones con motivo del aniversario de la empresa en la ciudad, culmino con las jornadas de puertas abiertas de la empresa y el traslado interno de las personas por las instalaciones de Mercedes Benz.<\/p>\n<div style=\"display:block;clear:both;margin-bottom:45px\"><\/div>\n<p><img decoding=\"async\" src=\"http:\/\/www.cuadrabus.com\/wp-content\/uploads\/2016\/06\/service.png\" alt=\"service\" width=\"48\" class=\"aligncenter size-full wp-image-201\" \/><br \/>\n<strong style=\"color:#3274ba;\">Cobertura del transporte integral<\/strong><\/p>\n<p>A la hora de gestionar grandes eventos, <strong>CuadraBus<\/strong> ofrece a sus clientes la cobertura del transporte integral, junto con la contrataci\u00f3n de azafatas y azafatos, as\u00ed como el refuerzo de la coordinaci\u00f3n in situ con el personal de CuadraBus.<\/p>\n<div style=\"display:block;clear:both;margin-bottom:45px\"><\/div>\n<p><a class=\"btn\" href=\"\/presupuestos\/\">Solicitar presupuesto<\/a>","protected":false},"excerpt":{"rendered":"<p>Autobuses para grandes eventos Especialistas en eventos empresariales Nuestro servicio orientado a cubrir grandes eventos empresariales supone una gesti\u00f3n pionera en la movilidad de grandes grupos en d\u00edas se\u00f1alados o&#8230;<\/p>\n","protected":false},"author":1,"featured_media":564,"parent":0,"menu_order":0,"comment_status":"closed","ping_status":"closed","template":"","meta":{"footnotes":""},"class_list":["post-10","page","type-page","status-publish","has-post-thumbnail","hentry"],"_links":{"self":[{"href":"http:\/\/www.cuadrabus.com\/eu\/wp-json\/wp\/v2\/pages\/10","targetHints":{"allow":["GET"]}}],"collection":[{"href":"http:\/\/www.cuadrabus.com\/eu\/wp-json\/wp\/v2\/pages"}],"about":[{"href":"http:\/\/www.cuadrabus.com\/eu\/wp-json\/wp\/v2\/types\/page"}],"author":[{"embeddable":true,"href":"http:\/\/www.cuadrabus.com\/eu\/wp-json\/wp\/v2\/users\/1"}],"replies":[{"embeddable":true,"href":"http:\/\/www.cuadrabus.com\/eu\/wp-json\/wp\/v2\/comments?post=10"}],"version-history":[{"count":5,"href":"http:\/\/www.cuadrabus.com\/eu\/wp-json\/wp\/v2\/pages\/10\/revisions"}],"predecessor-version":[{"id":517,"href":"http:\/\/www.cuadrabus.com\/eu\/wp-json\/wp\/v2\/pages\/10\/revisions\/517"}],"wp:featuredmedia":[{"embeddable":true,"href":"http:\/\/www.cuadrabus.com\/eu\/wp-json\/wp\/v2\/media\/564"}],"wp:attachment":[{"href":"http:\/\/www.cuadrabus.com\/eu\/wp-json\/wp\/v2\/media?parent=10"}],"curies":[{"name":"wp","href":"https:\/\/api.w.org\/{rel}","templated":true}]}}