{"id":49,"date":"2016-06-29T08:09:39","date_gmt":"2016-06-29T08:09:39","guid":{"rendered":"http:\/\/www.cuadrabus.com\/?page_id=49"},"modified":"2017-03-02T11:56:24","modified_gmt":"2017-03-02T10:56:24","slug":"alquiler-autobus-alava","status":"publish","type":"page","link":"http:\/\/www.cuadrabus.com\/en\/alquiler-autobus-alava\/","title":{"rendered":"Bus rentals in \u00c1lava"},"content":{"rendered":"<h1 class=\"page-title\">Alquiler de autobuses en \u00c1lava<br \/> <span>M\u00e1s de 40 a\u00f1os en la provincia<\/span><\/h1>\n<p><strong>En Autobuses CuadraBus trabajamos desde hace m\u00e1s de 40 a\u00f1os en el sector del transporte colectivo de personas en \u00c1lava.<\/strong><\/p>\n<div style=\"display:block;clear:both;margin-bottom:20px\"><\/div>\n<p><a class=\"icon icon-phone page-icon\" href=\"tel:+34902210215\" target=\"_blank\"><\/a><\/p>\n<p>Contacta con la sede central de <strong>CuadraBus<\/strong>,<br \/> te atenderemos en el t\u00e9lefono: <\/p>\n<h1><span><a href=\"tel:+34902210215\" target=\"_blank\">902 210 215<\/a><\/span><\/h1>\n<div style=\"display:block;clear:both;margin-bottom:40px\"><\/div>\n<p><a class=\"icon icon-email page-icon\" href=\"mailto:info@cuadrabus.com\" target=\"_blank\"><\/a><\/p>\n<p>Escr\u00edbenos un e-mail:<\/p>\n<h4><span><a href=\"mailto:info@cuadrabus.com\" target=\"_blank\">info@cuadrabus.com<\/a><\/span><\/h4>\n<div style=\"display:block;clear:both;margin-bottom:40px\"><\/div>\n<div class=\"icon icon-location page-icon\"><\/div>\n<p>O si lo prefieres vis\u00edtanos en nuestras oficinas <\/p>\n<h4><span>Pol\u00edgono Zankueta s\/n<br \/> 01468 en Amurrio, \u00c1lava<\/span><\/h4>","protected":false},"excerpt":{"rendered":"<p>Alquiler de autobuses en \u00c1lava M\u00e1s de 40 a\u00f1os en la provincia En Autobuses CuadraBus trabajamos desde hace m\u00e1s de 40 a\u00f1os en el sector del transporte colectivo de personas&#8230;<\/p>\n","protected":false},"author":1,"featured_media":562,"parent":0,"menu_order":0,"comment_status":"closed","ping_status":"closed","template":"","meta":{"footnotes":""},"class_list":["post-49","page","type-page","status-publish","has-post-thumbnail","hentry"],"_links":{"self":[{"href":"http:\/\/www.cuadrabus.com\/en\/wp-json\/wp\/v2\/pages\/49","targetHints":{"allow":["GET"]}}],"collection":[{"href":"http:\/\/www.cuadrabus.com\/en\/wp-json\/wp\/v2\/pages"}],"about":[{"href":"http:\/\/www.cuadrabus.com\/en\/wp-json\/wp\/v2\/types\/page"}],"author":[{"embeddable":true,"href":"http:\/\/www.cuadrabus.com\/en\/wp-json\/wp\/v2\/users\/1"}],"replies":[{"embeddable":true,"href":"http:\/\/www.cuadrabus.com\/en\/wp-json\/wp\/v2\/comments?post=49"}],"version-history":[{"count":19,"href":"http:\/\/www.cuadrabus.com\/en\/wp-json\/wp\/v2\/pages\/49\/revisions"}],"predecessor-version":[{"id":899,"href":"http:\/\/www.cuadrabus.com\/en\/wp-json\/wp\/v2\/pages\/49\/revisions\/899"}],"wp:featuredmedia":[{"embeddable":true,"href":"http:\/\/www.cuadrabus.com\/en\/wp-json\/wp\/v2\/media\/562"}],"wp:attachment":[{"href":"http:\/\/www.cuadrabus.com\/en\/wp-json\/wp\/v2\/media?parent=49"}],"curies":[{"name":"wp","href":"https:\/\/api.w.org\/{rel}","templated":true}]}}